{"id":977,"date":"2026-03-07T21:02:10","date_gmt":"2026-03-07T20:02:10","guid":{"rendered":"https:\/\/valonio.com\/?page_id=977"},"modified":"2026-04-13T10:39:36","modified_gmt":"2026-04-13T08:39:36","slug":"les-canaux-douanes","status":"publish","type":"page","link":"https:\/\/valonio.com\/?page_id=977","title":{"rendered":"LES CANAUX   \/  LES DOUANES*"},"content":{"rendered":"<style>.wp-block-kadence-advancedheading.kt-adv-heading977_aa80cd-5a, .wp-block-kadence-advancedheading.kt-adv-heading977_aa80cd-5a[data-kb-block=\"kb-adv-heading977_aa80cd-5a\"]{font-style:normal;}.wp-block-kadence-advancedheading.kt-adv-heading977_aa80cd-5a mark.kt-highlight, .wp-block-kadence-advancedheading.kt-adv-heading977_aa80cd-5a[data-kb-block=\"kb-adv-heading977_aa80cd-5a\"] mark.kt-highlight{font-style:normal;color:#f76a0c;-webkit-box-decoration-break:clone;box-decoration-break:clone;padding-top:0px;padding-right:0px;padding-bottom:0px;padding-left:0px;}.wp-block-kadence-advancedheading.kt-adv-heading977_aa80cd-5a img.kb-inline-image, .wp-block-kadence-advancedheading.kt-adv-heading977_aa80cd-5a[data-kb-block=\"kb-adv-heading977_aa80cd-5a\"] img.kb-inline-image{width:150px;vertical-align:baseline;}<\/style>\n<p class=\"kt-adv-heading977_aa80cd-5a wp-block-kadence-advancedheading\" data-kb-block=\"kb-adv-heading977_aa80cd-5a\">LES CANAUX DE FRANCE  \/  LA DOUANE<\/p>\n\n\n\n<div class=\"wp-block-media-text is-stacked-on-mobile\"><figure class=\"wp-block-media-text__media\"><video controls src=\"https:\/\/valonio.com\/wp-content\/uploads\/2026\/03\/Les-canaux-e.mp4\"><\/video><\/figure><div class=\"wp-block-media-text__content\"><style>.wp-block-kadence-advancedheading.kt-adv-heading977_34fac5-a7, .wp-block-kadence-advancedheading.kt-adv-heading977_34fac5-a7[data-kb-block=\"kb-adv-heading977_34fac5-a7\"]{font-style:normal;}.wp-block-kadence-advancedheading.kt-adv-heading977_34fac5-a7 mark.kt-highlight, .wp-block-kadence-advancedheading.kt-adv-heading977_34fac5-a7[data-kb-block=\"kb-adv-heading977_34fac5-a7\"] mark.kt-highlight{font-style:normal;color:#f76a0c;-webkit-box-decoration-break:clone;box-decoration-break:clone;padding-top:0px;padding-right:0px;padding-bottom:0px;padding-left:0px;}.wp-block-kadence-advancedheading.kt-adv-heading977_34fac5-a7 img.kb-inline-image, .wp-block-kadence-advancedheading.kt-adv-heading977_34fac5-a7[data-kb-block=\"kb-adv-heading977_34fac5-a7\"] img.kb-inline-image{width:150px;vertical-align:baseline;}<\/style>\n<p class=\"kt-adv-heading977_34fac5-a7 wp-block-kadence-advancedheading\" data-kb-block=\"kb-adv-heading977_34fac5-a7\"><em>C&#8217;est en glissant sur le fleuve, au rythme de sa vie, de ses remous, en vivant de lui, avec lui, que je l\u2019ai connu..<br>Il y a en France quinze mille deux cent cinquante-quatre (15 254) kilom\u00e8tres de voies navigables\u2026<\/em><br>LONGS COURS SUR LES RIVI\u00c8RES ET LES CANAUX, p. 37, p. 65<\/p>\n\n\n<style>.wp-block-kadence-advancedheading.kt-adv-heading977_6fa28c-89, .wp-block-kadence-advancedheading.kt-adv-heading977_6fa28c-89[data-kb-block=\"kb-adv-heading977_6fa28c-89\"]{font-style:normal;}.wp-block-kadence-advancedheading.kt-adv-heading977_6fa28c-89 mark.kt-highlight, .wp-block-kadence-advancedheading.kt-adv-heading977_6fa28c-89[data-kb-block=\"kb-adv-heading977_6fa28c-89\"] mark.kt-highlight{font-style:normal;color:#f76a0c;-webkit-box-decoration-break:clone;box-decoration-break:clone;padding-top:0px;padding-right:0px;padding-bottom:0px;padding-left:0px;}.wp-block-kadence-advancedheading.kt-adv-heading977_6fa28c-89 img.kb-inline-image, .wp-block-kadence-advancedheading.kt-adv-heading977_6fa28c-89[data-kb-block=\"kb-adv-heading977_6fa28c-89\"] img.kb-inline-image{width:150px;vertical-align:baseline;}<\/style>\n<p class=\"kt-adv-heading977_6fa28c-89 wp-block-kadence-advancedheading\" data-kb-block=\"kb-adv-heading977_6fa28c-89\"><br>FRANCE \/ FRONTI\u00c8RES ET DOUANES<\/p>\n\n\n\n<p class=\"gb-text\">Le premier p\u00e9riple sur ces voies navigables se fait au rythme lent des chalands, d\u2019abord sous une pluie froide du d\u00e9but de printemps, ensuite sous le soleil du Midi.<br>Le second voyage est entrepris pendant l\u2019\u00e9t\u00e9 1931 avec comme objectif un reportage photographique destin\u00e9 \u00e0 illustrer ses articles dans les journaux. Tigy Simenon raconte le voyage \u00e9clair dans ses SOUVENIRS. Cette fois, Georges est au volant de sa nouvelle voiture Chrysler. Ce n\u2019est plus la navigation lente et mesur\u00e9e par les \u00e9cluses. Il fonce, ne s\u2019arr\u00eatant que pour les prises de vue et les courtes haltes dans les bistrots. Georges et Tigy sont accompagn\u00e9s par le jeune photographe tch\u00e8que Hans Oplatka. <\/p>\n<\/div><\/div>\n\n\n\n<div class=\"wp-block-media-text is-stacked-on-mobile\"><figure class=\"wp-block-media-text__media\"><video controls src=\"https:\/\/valonio.com\/wp-content\/uploads\/2026\/03\/Les-Douanes-e-1.mp4\"><\/video><\/figure><div class=\"wp-block-media-text__content\">\n<p class=\"gb-text\"><em>\u2026 quelque chose de caduc, de moyen\u00e2geux et, somme toute, d&#8217;assez scandaleux\u2026<\/em><br>SA MAJEST\u00c9 LA DOUANE, p.734<\/p>\n\n\n\n<h6 class=\"gb-text\">Son jugement est d\u00e9cisif : la douane est une institution archa\u00efque, d\u2019un temps r\u00e9volu, un anachronisme comique et dangereux.<br>\u00c0 sa mani\u00e8re, il fait vivre dans ses articles et ses photos une activit\u00e9 administrative et r\u00e9pressive dont les caract\u00e8res ont bien chang\u00e9 aujourd\u2019hui dans nos pays, en bien ou en mal ?. Il a pr\u00e9serv\u00e9, avec beaucoup de r\u00e9alisme, de justesse, et aussi avec un humour de circonstance, un patrimoine historique et culturel remarquable.<\/h6>\n\n\n\n<div><style>.wp-block-kadence-advancedheading.kt-adv-heading977_aaa8c1-6d, .wp-block-kadence-advancedheading.kt-adv-heading977_aaa8c1-6d[data-kb-block=\"kb-adv-heading977_aaa8c1-6d\"]{font-style:normal;}.wp-block-kadence-advancedheading.kt-adv-heading977_aaa8c1-6d mark.kt-highlight, .wp-block-kadence-advancedheading.kt-adv-heading977_aaa8c1-6d[data-kb-block=\"kb-adv-heading977_aaa8c1-6d\"] mark.kt-highlight{font-style:normal;color:#f76a0c;-webkit-box-decoration-break:clone;box-decoration-break:clone;padding-top:0px;padding-right:0px;padding-bottom:0px;padding-left:0px;}.wp-block-kadence-advancedheading.kt-adv-heading977_aaa8c1-6d img.kb-inline-image, .wp-block-kadence-advancedheading.kt-adv-heading977_aaa8c1-6d[data-kb-block=\"kb-adv-heading977_aaa8c1-6d\"] img.kb-inline-image{width:150px;vertical-align:baseline;}<\/style>\n<p class=\"kt-adv-heading977_aaa8c1-6d wp-block-kadence-advancedheading\" data-kb-block=\"kb-adv-heading977_aaa8c1-6d\"><\/p>\n<\/div>\n<\/div><\/div>\n\n\n<style>.wp-block-kadence-advancedheading.kt-adv-heading977_f3f762-4c, .wp-block-kadence-advancedheading.kt-adv-heading977_f3f762-4c[data-kb-block=\"kb-adv-heading977_f3f762-4c\"]{font-style:normal;color:#e7dcdc;}.wp-block-kadence-advancedheading.kt-adv-heading977_f3f762-4c mark.kt-highlight, .wp-block-kadence-advancedheading.kt-adv-heading977_f3f762-4c[data-kb-block=\"kb-adv-heading977_f3f762-4c\"] mark.kt-highlight{font-style:normal;color:#f76a0c;-webkit-box-decoration-break:clone;box-decoration-break:clone;padding-top:0px;padding-right:0px;padding-bottom:0px;padding-left:0px;}.wp-block-kadence-advancedheading.kt-adv-heading977_f3f762-4c img.kb-inline-image, .wp-block-kadence-advancedheading.kt-adv-heading977_f3f762-4c[data-kb-block=\"kb-adv-heading977_f3f762-4c\"] img.kb-inline-image{width:150px;vertical-align:baseline;}<\/style>\n<p class=\"kt-adv-heading977_f3f762-4c wp-block-kadence-advancedheading\" data-kb-block=\"kb-adv-heading977_f3f762-4c\"><a href=\"https:\/\/valonio.com\/?page_id=951\" data-type=\"link\" data-id=\"https:\/\/valonio.com\/?page_id=951\"><br> RETOUR VERS LES TITRES  DE LA GALERIE VID\u00c9O<\/a><\/p>\n\n\n<style>.wp-block-kadence-advancedheading.kt-adv-heading977_3be8c9-81, .wp-block-kadence-advancedheading.kt-adv-heading977_3be8c9-81[data-kb-block=\"kb-adv-heading977_3be8c9-81\"]{font-style:normal;}.wp-block-kadence-advancedheading.kt-adv-heading977_3be8c9-81 mark.kt-highlight, .wp-block-kadence-advancedheading.kt-adv-heading977_3be8c9-81[data-kb-block=\"kb-adv-heading977_3be8c9-81\"] mark.kt-highlight{font-style:normal;color:#f76a0c;-webkit-box-decoration-break:clone;box-decoration-break:clone;padding-top:0px;padding-right:0px;padding-bottom:0px;padding-left:0px;}.wp-block-kadence-advancedheading.kt-adv-heading977_3be8c9-81 img.kb-inline-image, .wp-block-kadence-advancedheading.kt-adv-heading977_3be8c9-81[data-kb-block=\"kb-adv-heading977_3be8c9-81\"] img.kb-inline-image{width:150px;vertical-align:baseline;}<\/style>\n<p class=\"kt-adv-heading977_3be8c9-81 wp-block-kadence-advancedheading\" data-kb-block=\"kb-adv-heading977_3be8c9-81\"><\/p>\n\n\n<style>.wp-block-kadence-advancedheading.kt-adv-heading977_abbbff-70, .wp-block-kadence-advancedheading.kt-adv-heading977_abbbff-70[data-kb-block=\"kb-adv-heading977_abbbff-70\"]{font-style:normal;}.wp-block-kadence-advancedheading.kt-adv-heading977_abbbff-70 mark.kt-highlight, .wp-block-kadence-advancedheading.kt-adv-heading977_abbbff-70[data-kb-block=\"kb-adv-heading977_abbbff-70\"] mark.kt-highlight{font-style:normal;color:#f76a0c;-webkit-box-decoration-break:clone;box-decoration-break:clone;padding-top:0px;padding-right:0px;padding-bottom:0px;padding-left:0px;}.wp-block-kadence-advancedheading.kt-adv-heading977_abbbff-70 img.kb-inline-image, .wp-block-kadence-advancedheading.kt-adv-heading977_abbbff-70[data-kb-block=\"kb-adv-heading977_abbbff-70\"] img.kb-inline-image{width:150px;vertical-align:baseline;}<\/style>\n<p class=\"kt-adv-heading977_abbbff-70 wp-block-kadence-advancedheading\" data-kb-block=\"kb-adv-heading977_abbbff-70\"><\/p>\n","protected":false},"excerpt":{"rendered":"<p>LES CANAUX DE FRANCE \/ LA DOUANE RETOUR VERS LES TITRES DE LA GALERIE VID\u00c9O<\/p>\n","protected":false},"author":1,"featured_media":0,"parent":0,"menu_order":0,"comment_status":"closed","ping_status":"closed","template":"","meta":{"_eb_attr":"","_crdt_document":"","_kb_optimizer_status":0,"_themeisle_gutenberg_block_has_review":false,"footnotes":""},"class_list":["post-977","page","type-page","status-publish"],"mb":[],"mfb_rest_fields":["title"],"_links":{"self":[{"href":"https:\/\/valonio.com\/index.php?rest_route=\/wp\/v2\/pages\/977","targetHints":{"allow":["GET"]}}],"collection":[{"href":"https:\/\/valonio.com\/index.php?rest_route=\/wp\/v2\/pages"}],"about":[{"href":"https:\/\/valonio.com\/index.php?rest_route=\/wp\/v2\/types\/page"}],"author":[{"embeddable":true,"href":"https:\/\/valonio.com\/index.php?rest_route=\/wp\/v2\/users\/1"}],"replies":[{"embeddable":true,"href":"https:\/\/valonio.com\/index.php?rest_route=%2Fwp%2Fv2%2Fcomments&post=977"}],"version-history":[{"count":18,"href":"https:\/\/valonio.com\/index.php?rest_route=\/wp\/v2\/pages\/977\/revisions"}],"predecessor-version":[{"id":1688,"href":"https:\/\/valonio.com\/index.php?rest_route=\/wp\/v2\/pages\/977\/revisions\/1688"}],"wp:attachment":[{"href":"https:\/\/valonio.com\/index.php?rest_route=%2Fwp%2Fv2%2Fmedia&parent=977"}],"curies":[{"name":"wp","href":"https:\/\/api.w.org\/{rel}","templated":true}]}}