{"id":967,"date":"2026-03-07T19:21:06","date_gmt":"2026-03-07T18:21:06","guid":{"rendered":"https:\/\/valonio.com\/?page_id=967"},"modified":"2026-04-13T10:43:17","modified_gmt":"2026-04-13T08:43:17","slug":"europe-est-copie","status":"publish","type":"page","link":"https:\/\/valonio.com\/?page_id=967","title":{"rendered":"LES PORTS \/ EUROPE EST *"},"content":{"rendered":"<style>.wp-block-kadence-advancedheading.kt-adv-heading967_a867fa-9e, .wp-block-kadence-advancedheading.kt-adv-heading967_a867fa-9e[data-kb-block=\"kb-adv-heading967_a867fa-9e\"]{font-style:normal;}.wp-block-kadence-advancedheading.kt-adv-heading967_a867fa-9e mark.kt-highlight, .wp-block-kadence-advancedheading.kt-adv-heading967_a867fa-9e[data-kb-block=\"kb-adv-heading967_a867fa-9e\"] mark.kt-highlight{font-style:normal;color:#f76a0c;-webkit-box-decoration-break:clone;box-decoration-break:clone;padding-top:0px;padding-right:0px;padding-bottom:0px;padding-left:0px;}.wp-block-kadence-advancedheading.kt-adv-heading967_a867fa-9e img.kb-inline-image, .wp-block-kadence-advancedheading.kt-adv-heading967_a867fa-9e[data-kb-block=\"kb-adv-heading967_a867fa-9e\"] img.kb-inline-image{width:150px;vertical-align:baseline;}<\/style>\n<p class=\"kt-adv-heading967_a867fa-9e wp-block-kadence-advancedheading\" data-kb-block=\"kb-adv-heading967_a867fa-9e\">LES PORTS DE FRANCE  \/  EUROPE DE L&#8217;EST   LITUANIE<\/p>\n\n\n\n<div>\n<div class=\"wp-block-media-text is-stacked-on-mobile\"><figure class=\"wp-block-media-text__media\"><video controls src=\"https:\/\/valonio.com\/wp-content\/uploads\/2026\/03\/les-ports-de-France-N1.mp4\"><\/video><\/figure><div class=\"wp-block-media-text__content\">\n<p class=\"wp-block-paragraph\"><br>Les photos ne sont pas expos\u00e9es comme simples albums de voyages ou de souvenirs, ni comme pr\u00e9figurations de textes ou de &#8220;brouillons&#8221; de romans.<br>Le recueil de photographies s\u2019organise en s\u00e9quences audiovisuelles <br>qui pr\u00e9sentent en forme de r\u00e9cits les \u00e9pisodes des voyages. Par ce proc\u00e9d\u00e9 le lecteur est invit\u00e9 \u00e0 contempler les images dans le contexte litt\u00e9raire dans lequel elles ont \u00e9t\u00e9 con\u00e7ues. Et surtout \u00e0 participer en une certaine fa\u00e7on \u00e0 la fiction, \u00e0 entrer dans l&#8217;imaginaire \u00e0 partir de la mati\u00e8re.<\/p>\n\n\n<style>.wp-block-kadence-advancedheading.kt-adv-heading967_e54c08-6a, .wp-block-kadence-advancedheading.kt-adv-heading967_e54c08-6a[data-kb-block=\"kb-adv-heading967_e54c08-6a\"]{font-style:normal;}.wp-block-kadence-advancedheading.kt-adv-heading967_e54c08-6a mark.kt-highlight, .wp-block-kadence-advancedheading.kt-adv-heading967_e54c08-6a[data-kb-block=\"kb-adv-heading967_e54c08-6a\"] mark.kt-highlight{font-style:normal;color:#f76a0c;-webkit-box-decoration-break:clone;box-decoration-break:clone;padding-top:0px;padding-right:0px;padding-bottom:0px;padding-left:0px;}.wp-block-kadence-advancedheading.kt-adv-heading967_e54c08-6a img.kb-inline-image, .wp-block-kadence-advancedheading.kt-adv-heading967_e54c08-6a[data-kb-block=\"kb-adv-heading967_e54c08-6a\"] img.kb-inline-image{width:150px;vertical-align:baseline;}<\/style>\n<p class=\"kt-adv-heading967_e54c08-6a wp-block-kadence-advancedheading\" data-kb-block=\"kb-adv-heading967_e54c08-6a\">Les s\u00e9quences sur les ports de Fance commencent \u00e0 Marseille par le d\u00e9but du roman LA FUITE DE MONSIEUR MONDE. Celui-ci arrive de Paris : il a tout quitt\u00e9 son entreprise, sa famille, et arrive le c\u0153ur dans une sorte de lib\u00e9ration. <br>Ensuite, les s\u00e9quences se suivent : Bordeaux, La Rochelle, jusque Boulogne.<\/p>\n\n\n<style>.wp-block-kadence-advancedheading.kt-adv-heading967_8589ed-a0, .wp-block-kadence-advancedheading.kt-adv-heading967_8589ed-a0[data-kb-block=\"kb-adv-heading967_8589ed-a0\"]{font-style:normal;}.wp-block-kadence-advancedheading.kt-adv-heading967_8589ed-a0 mark.kt-highlight, .wp-block-kadence-advancedheading.kt-adv-heading967_8589ed-a0[data-kb-block=\"kb-adv-heading967_8589ed-a0\"] mark.kt-highlight{font-style:normal;color:#f76a0c;-webkit-box-decoration-break:clone;box-decoration-break:clone;padding-top:0px;padding-right:0px;padding-bottom:0px;padding-left:0px;}.wp-block-kadence-advancedheading.kt-adv-heading967_8589ed-a0 img.kb-inline-image, .wp-block-kadence-advancedheading.kt-adv-heading967_8589ed-a0[data-kb-block=\"kb-adv-heading967_8589ed-a0\"] img.kb-inline-image{width:150px;vertical-align:baseline;}<\/style>\n<p class=\"kt-adv-heading967_8589ed-a0 wp-block-kadence-advancedheading\" data-kb-block=\"kb-adv-heading967_8589ed-a0\"><\/p>\n\n\n<style>.wp-block-kadence-advancedheading.kt-adv-heading967_13e8e5-12, .wp-block-kadence-advancedheading.kt-adv-heading967_13e8e5-12[data-kb-block=\"kb-adv-heading967_13e8e5-12\"]{font-style:normal;}.wp-block-kadence-advancedheading.kt-adv-heading967_13e8e5-12 mark.kt-highlight, .wp-block-kadence-advancedheading.kt-adv-heading967_13e8e5-12[data-kb-block=\"kb-adv-heading967_13e8e5-12\"] mark.kt-highlight{font-style:normal;color:#f76a0c;-webkit-box-decoration-break:clone;box-decoration-break:clone;padding-top:0px;padding-right:0px;padding-bottom:0px;padding-left:0px;}.wp-block-kadence-advancedheading.kt-adv-heading967_13e8e5-12 img.kb-inline-image, .wp-block-kadence-advancedheading.kt-adv-heading967_13e8e5-12[data-kb-block=\"kb-adv-heading967_13e8e5-12\"] img.kb-inline-image{width:150px;vertical-align:baseline;}<\/style>\n<p class=\"kt-adv-heading967_13e8e5-12 wp-block-kadence-advancedheading\" data-kb-block=\"kb-adv-heading967_13e8e5-12\"><\/p>\n<\/div><\/div>\n\n\n\n<div>\n<p class=\"wp-block-paragraph\"><\/p>\n<\/div>\n<\/div>\n\n\n\n<div class=\"wp-block-media-text is-stacked-on-mobile\"><figure class=\"wp-block-media-text__media\"><video controls src=\"https:\/\/valonio.com\/wp-content\/uploads\/2026\/03\/europe-est-sim-1.mp4\"><\/video><\/figure><div class=\"wp-block-media-text__content\">\n<p class=\"wp-block-paragraph\"><br>Apr\u00e8s Varsovie, Simenon a l\u2019intention de prendre la direction de Vilnius, cit\u00e9 situ\u00e9e dans le nord-est de la Pologne et annex\u00e9e par ce pays contre l\u2019avis de la Soci\u00e9t\u00e9 des Nations. Simenon \u00e9crit qu\u2019il part de Berlin par le moyen le plus direct : la ligne de chemin de fer. Celle-ci traverse le couloir polonais \u00e0 hauteur de Dantzig, revient en Prusse Orientale, s\u2019engage dans la F\u00e9d\u00e9ration de Russie de Kaliningrad (K\u00f6nigsberg), puis en Lituanie jusqu\u2019\u00e0 Kowno (Kaunas). Il lui faut donc passer la fronti\u00e8re polono-lituanienne qui est ferm\u00e9e suite aux probl\u00e8mes politiques entre ces deux pays voisins. <br>(Europe 33, p. 772)<br>Aurait-il pu arriver directement par le train de Varsovie ? Nous le retrouvons \u00e0 Vilnius, appel\u00e9e alors Vilna, o\u00f9 il passe des heures lourdes et ennuyeuses dans un h\u00f4tel crasseux et sordide, avec comme seule compagnie un bonhomme sage et triste qui l\u2019emm\u00e8ne la nuit en tra\u00eeneau en direction de la campagne. L\u2019activit\u00e9 de cet agent de commerce est sans \u00e9quivoque et r\u00e9pond m\u00eame \u00e0 une<br>attente de la part des villageoises.<\/p>\n<\/div><\/div>\n\n\n<style>.wp-block-kadence-advancedheading.kt-adv-heading967_182de5-24_0, .wp-block-kadence-advancedheading.kt-adv-heading967_182de5-24_0[data-kb-block=\"kb-adv-heading967_182de5-24_0\"]{font-style:normal;}.wp-block-kadence-advancedheading.kt-adv-heading967_182de5-24_0 mark.kt-highlight, .wp-block-kadence-advancedheading.kt-adv-heading967_182de5-24_0[data-kb-block=\"kb-adv-heading967_182de5-24_0\"] mark.kt-highlight{font-style:normal;color:#f76a0c;-webkit-box-decoration-break:clone;box-decoration-break:clone;padding-top:0px;padding-right:0px;padding-bottom:0px;padding-left:0px;}.wp-block-kadence-advancedheading.kt-adv-heading967_182de5-24_0 img.kb-inline-image, .wp-block-kadence-advancedheading.kt-adv-heading967_182de5-24_0[data-kb-block=\"kb-adv-heading967_182de5-24_0\"] img.kb-inline-image{width:150px;vertical-align:baseline;}<\/style>\n<p class=\"kt-adv-heading967_182de5-24_0 wp-block-kadence-advancedheading\" data-kb-block=\"kb-adv-heading967_182de5-24_0\"><a href=\"https:\/\/valonio.com\/?page_id=951\" data-type=\"link\" data-id=\"https:\/\/valonio.com\/?page_id=951\">RETOUR VERS LES TITRES DE LA GALERIE VID\u00c9O<\/a><\/p>\n\n\n<style>.wp-block-kadence-advancedheading.kt-adv-heading967_fcfa21-ed, .wp-block-kadence-advancedheading.kt-adv-heading967_fcfa21-ed[data-kb-block=\"kb-adv-heading967_fcfa21-ed\"]{font-style:normal;}.wp-block-kadence-advancedheading.kt-adv-heading967_fcfa21-ed mark.kt-highlight, .wp-block-kadence-advancedheading.kt-adv-heading967_fcfa21-ed[data-kb-block=\"kb-adv-heading967_fcfa21-ed\"] mark.kt-highlight{font-style:normal;color:#f76a0c;-webkit-box-decoration-break:clone;box-decoration-break:clone;padding-top:0px;padding-right:0px;padding-bottom:0px;padding-left:0px;}.wp-block-kadence-advancedheading.kt-adv-heading967_fcfa21-ed img.kb-inline-image, .wp-block-kadence-advancedheading.kt-adv-heading967_fcfa21-ed[data-kb-block=\"kb-adv-heading967_fcfa21-ed\"] img.kb-inline-image{width:150px;vertical-align:baseline;}<\/style>\n<p class=\"kt-adv-heading967_fcfa21-ed wp-block-kadence-advancedheading\" data-kb-block=\"kb-adv-heading967_fcfa21-ed\"><\/p>\n\n\n<style>.wp-block-kadence-advancedheading.kt-adv-heading967_67a45d-40, .wp-block-kadence-advancedheading.kt-adv-heading967_67a45d-40[data-kb-block=\"kb-adv-heading967_67a45d-40\"]{font-style:normal;}.wp-block-kadence-advancedheading.kt-adv-heading967_67a45d-40 mark.kt-highlight, .wp-block-kadence-advancedheading.kt-adv-heading967_67a45d-40[data-kb-block=\"kb-adv-heading967_67a45d-40\"] mark.kt-highlight{font-style:normal;color:#f76a0c;-webkit-box-decoration-break:clone;box-decoration-break:clone;padding-top:0px;padding-right:0px;padding-bottom:0px;padding-left:0px;}.wp-block-kadence-advancedheading.kt-adv-heading967_67a45d-40 img.kb-inline-image, .wp-block-kadence-advancedheading.kt-adv-heading967_67a45d-40[data-kb-block=\"kb-adv-heading967_67a45d-40\"] img.kb-inline-image{width:150px;vertical-align:baseline;}<\/style>\n<p class=\"kt-adv-heading967_67a45d-40 wp-block-kadence-advancedheading\" data-kb-block=\"kb-adv-heading967_67a45d-40\"><\/p>\n\n\n<style>.wp-block-kadence-advancedheading.kt-adv-heading967_2bc001-59, .wp-block-kadence-advancedheading.kt-adv-heading967_2bc001-59[data-kb-block=\"kb-adv-heading967_2bc001-59\"]{font-style:normal;}.wp-block-kadence-advancedheading.kt-adv-heading967_2bc001-59 mark.kt-highlight, .wp-block-kadence-advancedheading.kt-adv-heading967_2bc001-59[data-kb-block=\"kb-adv-heading967_2bc001-59\"] mark.kt-highlight{font-style:normal;color:#f76a0c;-webkit-box-decoration-break:clone;box-decoration-break:clone;padding-top:0px;padding-right:0px;padding-bottom:0px;padding-left:0px;}.wp-block-kadence-advancedheading.kt-adv-heading967_2bc001-59 img.kb-inline-image, .wp-block-kadence-advancedheading.kt-adv-heading967_2bc001-59[data-kb-block=\"kb-adv-heading967_2bc001-59\"] img.kb-inline-image{width:150px;vertical-align:baseline;}<\/style>\n<p class=\"kt-adv-heading967_2bc001-59 wp-block-kadence-advancedheading\" data-kb-block=\"kb-adv-heading967_2bc001-59\"><\/p>\n","protected":false},"excerpt":{"rendered":"<p>LES PORTS DE FRANCE \/ EUROPE DE L&#8217;EST LITUANIE Les photos ne sont pas expos\u00e9es comme simples albums de voyages ou de souvenirs, ni comme pr\u00e9figurations de textes ou de &#8220;brouillons&#8221; de romans.Le recueil de photographies s\u2019organise en s\u00e9quences audiovisuelles qui pr\u00e9sentent en forme de r\u00e9cits les \u00e9pisodes des voyages. Par ce proc\u00e9d\u00e9 le lecteur &#8230; <a title=\"LES PORTS \/ EUROPE EST *\" class=\"read-more\" href=\"https:\/\/valonio.com\/?page_id=967\" aria-label=\"Read more about LES PORTS \/ EUROPE EST *\">Read more<\/a><\/p>\n","protected":false},"author":1,"featured_media":0,"parent":0,"menu_order":0,"comment_status":"closed","ping_status":"closed","template":"","meta":{"_eb_attr":"","_crdt_document":"","_kb_optimizer_status":0,"_themeisle_gutenberg_block_has_review":false,"footnotes":""},"class_list":["post-967","page","type-page","status-publish"],"mb":[],"mfb_rest_fields":["title"],"_links":{"self":[{"href":"https:\/\/valonio.com\/index.php?rest_route=\/wp\/v2\/pages\/967","targetHints":{"allow":["GET"]}}],"collection":[{"href":"https:\/\/valonio.com\/index.php?rest_route=\/wp\/v2\/pages"}],"about":[{"href":"https:\/\/valonio.com\/index.php?rest_route=\/wp\/v2\/types\/page"}],"author":[{"embeddable":true,"href":"https:\/\/valonio.com\/index.php?rest_route=\/wp\/v2\/users\/1"}],"replies":[{"embeddable":true,"href":"https:\/\/valonio.com\/index.php?rest_route=%2Fwp%2Fv2%2Fcomments&post=967"}],"version-history":[{"count":24,"href":"https:\/\/valonio.com\/index.php?rest_route=\/wp\/v2\/pages\/967\/revisions"}],"predecessor-version":[{"id":1693,"href":"https:\/\/valonio.com\/index.php?rest_route=\/wp\/v2\/pages\/967\/revisions\/1693"}],"wp:attachment":[{"href":"https:\/\/valonio.com\/index.php?rest_route=%2Fwp%2Fv2%2Fmedia&parent=967"}],"curies":[{"name":"wp","href":"https:\/\/api.w.org\/{rel}","templated":true}]}}