{"id":89,"date":"2026-03-02T08:37:40","date_gmt":"2026-03-02T07:37:40","guid":{"rendered":"https:\/\/valonio.com\/?page_id=89"},"modified":"2026-03-31T07:35:29","modified_gmt":"2026-03-31T05:35:29","slug":"contact-2","status":"publish","type":"page","link":"https:\/\/valonio.com\/?page_id=89","title":{"rendered":"LE PROJET*"},"content":{"rendered":"\n<div class=\"animated zoomInRight\"><\/div>\n\n\n\n<p class=\"has-base-3-color has-text-color has-link-color wp-elements-cd203c146075b0c13a6a51290bb11978 wp-block-paragraph\" style=\"font-size:20px\">PR\u00c9SENTATION DU PROJET \/ CONTACT<\/p>\n\n\n\n<div class=\"wp-block-columns is-layout-flex wp-container-core-columns-is-layout-8f761849 wp-block-columns-is-layout-flex\">\n<div class=\"wp-block-column is-layout-flow wp-block-column-is-layout-flow\" style=\"flex-basis:33.33%\">\n<img loading=\"lazy\" decoding=\"async\" width=\"2560\" height=\"1702\" class=\"gb-media-5e70df4f\" alt=\"\" title=\"D6DE4E8F-DC4E-44F0-972B-0AA50A6E05C0\" src=\"https:\/\/valonio.com\/wp-content\/uploads\/2026\/03\/D6DE4E8F-DC4E-44F0-972B-0AA50A6E05C0-scaled.jpeg\" srcset=\"https:\/\/valonio.com\/wp-content\/uploads\/2026\/03\/D6DE4E8F-DC4E-44F0-972B-0AA50A6E05C0-scaled.jpeg 2560w, https:\/\/valonio.com\/wp-content\/uploads\/2026\/03\/D6DE4E8F-DC4E-44F0-972B-0AA50A6E05C0-300x199.jpeg 300w, https:\/\/valonio.com\/wp-content\/uploads\/2026\/03\/D6DE4E8F-DC4E-44F0-972B-0AA50A6E05C0-1024x681.jpeg 1024w, https:\/\/valonio.com\/wp-content\/uploads\/2026\/03\/D6DE4E8F-DC4E-44F0-972B-0AA50A6E05C0-768x511.jpeg 768w, https:\/\/valonio.com\/wp-content\/uploads\/2026\/03\/D6DE4E8F-DC4E-44F0-972B-0AA50A6E05C0-1536x1021.jpeg 1536w, https:\/\/valonio.com\/wp-content\/uploads\/2026\/03\/D6DE4E8F-DC4E-44F0-972B-0AA50A6E05C0-2048x1362.jpeg 2048w\" sizes=\"auto, (max-width: 2560px) 100vw, 2560px\" \/>\n\n\n<style>.wp-block-kadence-advancedheading.kt-adv-heading89_4a97ca-4f, .wp-block-kadence-advancedheading.kt-adv-heading89_4a97ca-4f[data-kb-block=\"kb-adv-heading89_4a97ca-4f\"]{font-style:normal;}.wp-block-kadence-advancedheading.kt-adv-heading89_4a97ca-4f mark.kt-highlight, .wp-block-kadence-advancedheading.kt-adv-heading89_4a97ca-4f[data-kb-block=\"kb-adv-heading89_4a97ca-4f\"] mark.kt-highlight{font-style:normal;color:#f76a0c;-webkit-box-decoration-break:clone;box-decoration-break:clone;padding-top:0px;padding-right:0px;padding-bottom:0px;padding-left:0px;}.wp-block-kadence-advancedheading.kt-adv-heading89_4a97ca-4f img.kb-inline-image, .wp-block-kadence-advancedheading.kt-adv-heading89_4a97ca-4f[data-kb-block=\"kb-adv-heading89_4a97ca-4f\"] img.kb-inline-image{width:150px;vertical-align:baseline;}<\/style>\n<p class=\"kt-adv-heading89_4a97ca-4f wp-block-kadence-advancedheading\" data-kb-block=\"kb-adv-heading89_4a97ca-4f\"><br>CAMINO, chemin en langue celtique<\/p>\n\n\n<style>.wp-block-kadence-advancedheading.kt-adv-heading89_17ef88-b4, .wp-block-kadence-advancedheading.kt-adv-heading89_17ef88-b4[data-kb-block=\"kb-adv-heading89_17ef88-b4\"]{font-style:normal;}.wp-block-kadence-advancedheading.kt-adv-heading89_17ef88-b4 mark.kt-highlight, .wp-block-kadence-advancedheading.kt-adv-heading89_17ef88-b4[data-kb-block=\"kb-adv-heading89_17ef88-b4\"] mark.kt-highlight{font-style:normal;color:#f76a0c;-webkit-box-decoration-break:clone;box-decoration-break:clone;padding-top:0px;padding-right:0px;padding-bottom:0px;padding-left:0px;}.wp-block-kadence-advancedheading.kt-adv-heading89_17ef88-b4 img.kb-inline-image, .wp-block-kadence-advancedheading.kt-adv-heading89_17ef88-b4[data-kb-block=\"kb-adv-heading89_17ef88-b4\"] img.kb-inline-image{width:150px;vertical-align:baseline;}<\/style>\n<p class=\"kt-adv-heading89_17ef88-b4 wp-block-kadence-advancedheading\" data-kb-block=\"kb-adv-heading89_17ef88-b4\">Mon second projet a consist\u00e9 \u00e0 retrouver ces pays, les lieux des romans de Simenon, ces lieux que j&#8217;appelle les lieux de la fiction et \u00e0 partir de cette mati\u00e8re de r\u00e9diger un deuxi\u00e8me livre d&#8217;art.<br><br>Les grandes destinations ont \u00e9t\u00e9 la France (les ports et les canaux), la Belgique (Charleroi, la Flandre), la Turquie (Istanbul, Marmara, Ankara) l&#8217;Ukraine (Odessa), la G\u00e9orgie (Batoumi), la Pologne, la Lituanie. L&#8217;Am\u00e9rique centrale, l&#8217;\u00c9quateur, Tahiti, le Congo (Uele, le fleuve \u00e0 Kisangani et \u00e0 Matadi). <br> <\/p>\n\n\n\n<p class=\"wp-block-paragraph\">Je suis donc parti pour ces grands voyages. Je propose dans ce site une pr\u00e9sentation de mon ouvrage, avec des extraits illustr\u00e9s de textes et surtout de photographies.<\/p>\n\n\n\n<p class=\"wp-block-paragraph\"><\/p>\n\n\n\n<p class=\"wp-block-paragraph\"><\/p>\n\n\n\n<div>\n<p class=\"wp-block-paragraph\">MON ADRESSE :<br>Grande Hoursinne 36 \/ B-6997 \u00c9REZ\u00c9E \/ 0032 489417905 \/ freddybonma@valonio.com<\/p>\n<\/div>\n<\/div>\n\n\n\n<div class=\"wp-block-column is-layout-flow wp-block-column-is-layout-flow\" style=\"flex-basis:66.66%\">\n<p class=\"wp-block-paragraph\">L&#8217;auteur : Freddy Bonmariage<\/p>\n\n\n<style>.wp-block-kadence-advancedheading.kt-adv-heading89_37bd59-bd, .wp-block-kadence-advancedheading.kt-adv-heading89_37bd59-bd[data-kb-block=\"kb-adv-heading89_37bd59-bd\"]{font-style:normal;}.wp-block-kadence-advancedheading.kt-adv-heading89_37bd59-bd mark.kt-highlight, .wp-block-kadence-advancedheading.kt-adv-heading89_37bd59-bd[data-kb-block=\"kb-adv-heading89_37bd59-bd\"] mark.kt-highlight{font-style:normal;color:#f76a0c;-webkit-box-decoration-break:clone;box-decoration-break:clone;padding-top:0px;padding-right:0px;padding-bottom:0px;padding-left:0px;}.wp-block-kadence-advancedheading.kt-adv-heading89_37bd59-bd img.kb-inline-image, .wp-block-kadence-advancedheading.kt-adv-heading89_37bd59-bd[data-kb-block=\"kb-adv-heading89_37bd59-bd\"] img.kb-inline-image{width:150px;vertical-align:baseline;}<\/style>\n<div class=\"kt-adv-heading89_37bd59-bd wp-block-kadence-advancedheading\" data-kb-block=\"kb-adv-heading89_37bd59-bd\">Apr\u00e8s une carri\u00e8re dans l\u2019enseignement en Belgique et en R\u00e9publique du Congo, je me suis consacr\u00e9 au d\u00e9veloppement de techniques audiovisuelles et num\u00e9riques appliqu\u00e9es \u00e0 la communication, \u00e0 la culture, cela en tant que auteur et r\u00e9alisateur.<br>C\u2019est ainsi que dans mes travaux, lors de l&#8217;exposition TOUT SIMENON \u00e0 Li\u00e8ge, et gr\u00e2ce \u00e0 l&#8217;int\u00e9r\u00eat suscit\u00e9 par un des organisateurs, j&#8217;ai eu l\u2019opportunit\u00e9 de consulter et de commencer l&#8217;observation minutieuse des photographies originales de Simenon. Il en est r\u00e9sult\u00e9 la r\u00e9alisation de la COLLECTION SIMENON PHOTOGRAPHE, dont un livre \u00e9dit\u00e9 en 2006 par les \u00e9ditions La Renaissance du livre, Luc Pire.<\/div>\n\n\n\n<p class=\"wp-block-paragraph\"><\/p>\n\n\n\n<div class=\"wp-block-group is-nowrap is-layout-flex wp-container-core-group-is-layout-8f761849 wp-block-group-is-layout-flex\">\n<p class=\"wp-block-paragraph\">MERCI DE ME DONNER VOS COMMENTAIRES<\/p>\n\n\n\n<p class=\"wp-block-paragraph\"><br><br><\/p>\n<\/div>\n\n\n\n<p class=\"wp-block-paragraph\"><\/p>\n\n\n\n<div><style>.wp-block-kadence-advanced-form548-cpt-id .kb-advanced-form input[type=text],.wp-block-kadence-advanced-form548-cpt-id .kb-advanced-form input[type=tel],.wp-block-kadence-advanced-form548-cpt-id .kb-advanced-form input[type=number],.wp-block-kadence-advanced-form548-cpt-id .kb-advanced-form input[type=date],.wp-block-kadence-advanced-form548-cpt-id .kb-advanced-form input[type=time],.wp-block-kadence-advanced-form548-cpt-id .kb-advanced-form input[type=email],.wp-block-kadence-advanced-form548-cpt-id .kb-advanced-form input[type=file],.wp-block-kadence-advanced-form548-cpt-id .kb-advanced-form select,.wp-block-kadence-advanced-form548-cpt-id .kb-advanced-form textarea{color:var(--contrast-2);border-top:2px solid transparent;border-right:2px solid transparent;border-bottom:2px solid transparent;border-left:2px solid transparent;}.wp-block-kadence-advanced-form548-cpt-id{--kb-form-text-color:var(--contrast-2);--kb-form-background-color:var(--contrast-3);--kb-form-border-width:2px;}@media all and (max-width: 1024px){.wp-block-kadence-advanced-form548-cpt-id .kb-advanced-form input[type=text],.wp-block-kadence-advanced-form548-cpt-id .kb-advanced-form input[type=tel],.wp-block-kadence-advanced-form548-cpt-id .kb-advanced-form input[type=number],.wp-block-kadence-advanced-form548-cpt-id .kb-advanced-form input[type=date],.wp-block-kadence-advanced-form548-cpt-id .kb-advanced-form input[type=time],.wp-block-kadence-advanced-form548-cpt-id .kb-advanced-form input[type=email],.wp-block-kadence-advanced-form548-cpt-id .kb-advanced-form input[type=file],.wp-block-kadence-advanced-form548-cpt-id .kb-advanced-form select,.wp-block-kadence-advanced-form548-cpt-id .kb-advanced-form textarea{border-top:2px solid transparent;border-right:2px solid transparent;border-bottom:2px solid transparent;border-left:2px solid transparent;}}@media all and (max-width: 767px){.wp-block-kadence-advanced-form548-cpt-id .kb-advanced-form input[type=text],.wp-block-kadence-advanced-form548-cpt-id .kb-advanced-form input[type=tel],.wp-block-kadence-advanced-form548-cpt-id .kb-advanced-form input[type=number],.wp-block-kadence-advanced-form548-cpt-id .kb-advanced-form input[type=date],.wp-block-kadence-advanced-form548-cpt-id .kb-advanced-form input[type=time],.wp-block-kadence-advanced-form548-cpt-id .kb-advanced-form input[type=email],.wp-block-kadence-advanced-form548-cpt-id .kb-advanced-form input[type=file],.wp-block-kadence-advanced-form548-cpt-id .kb-advanced-form select,.wp-block-kadence-advanced-form548-cpt-id .kb-advanced-form textarea{border-top:2px solid transparent;border-right:2px solid transparent;border-bottom:2px solid transparent;border-left:2px solid transparent;}}<\/style><div class=\"wp-block-kadence-advanced-form wp-block-kadence-advanced-form548-cpt-id kb-adv-form-label-style-normal kb-adv-form-input-size-standard kb-form-basic-style wp-block-kadence-advanced-form\"><form id=\"kb-adv-form-548-cpt-id\" class=\"kb-advanced-form\" method=\"post\">\n<style>.kb-row-layout-wrap.wp-block-kadence-rowlayout.kb-row-layout-id548_304314-3f{margin-bottom:0px;}.kb-row-layout-id548_304314-3f > .kt-row-column-wrap{align-content:start;}:where(.kb-row-layout-id548_304314-3f > .kt-row-column-wrap) > .wp-block-kadence-column{justify-content:start;}.kb-row-layout-id548_304314-3f > .kt-row-column-wrap{column-gap:var(--global-kb-gap-md, 2rem);row-gap:var(--global-kb-gap-md, 2rem);padding-top:0px;padding-right:0px;padding-bottom:0px;padding-left:0px;grid-template-columns:minmax(0, calc(60% - ((var(--global-kb-gap-md, 2rem) * 1 )\/2)))minmax(0, calc(40% - ((var(--global-kb-gap-md, 2rem) * 1 )\/2)));}.kb-row-layout-id548_304314-3f > .kt-row-layout-overlay{opacity:0.30;}@media all and (max-width: 1024px){.kb-row-layout-id548_304314-3f > .kt-row-column-wrap{grid-template-columns:repeat(2, minmax(0, 1fr));}}@media all and (max-width: 767px){.kb-row-layout-id548_304314-3f > .kt-row-column-wrap{grid-template-columns:minmax(0, 1fr);}}<\/style><div class=\"kb-row-layout-wrap kb-row-layout-id548_304314-3f alignnone wp-block-kadence-rowlayout\"><div class=\"kt-row-column-wrap kt-has-2-columns kt-row-layout-equal kt-tab-layout-inherit kt-mobile-layout-row kt-row-valign-top\">\n<style>.kadence-column548_71b630-00 > .kt-inside-inner-col,.kadence-column548_71b630-00 > .kt-inside-inner-col:before{border-top-left-radius:0px;border-top-right-radius:0px;border-bottom-right-radius:0px;border-bottom-left-radius:0px;}.kadence-column548_71b630-00 > .kt-inside-inner-col{column-gap:var(--global-kb-gap-sm, 1rem);}.kadence-column548_71b630-00 > .kt-inside-inner-col{flex-direction:column;}.kadence-column548_71b630-00 > .kt-inside-inner-col > .aligncenter{width:100%;}.kadence-column548_71b630-00 > .kt-inside-inner-col:before{opacity:0.3;}.kadence-column548_71b630-00{position:relative;}@media all and (max-width: 1024px){.kadence-column548_71b630-00 > .kt-inside-inner-col{flex-direction:column;justify-content:center;}}@media all and (max-width: 767px){.kadence-column548_71b630-00 > .kt-inside-inner-col{flex-direction:column;justify-content:center;}}<\/style>\n<div class=\"wp-block-kadence-column kadence-column548_71b630-00\"><div class=\"kt-inside-inner-col\"><div class=\"kb-adv-form-field kb-adv-form-text-type-input kb-adv-form-infield-type-input kb-field548a91d99-a8 wp-block-kadence-advanced-form-text\"><label class=\"kb-adv-form-label\" for=\"field548a91d99-a8\">Nom  Pr\u00e9nom<\/label><input name=\"fielda91d99-a8\" id=\"field548a91d99-a8\" data-label=\"Nom  Pr\u00e9nom\" type=\"text\" placeholder=\"\" value=\"\" data-type=\"text\" class=\"kb-field kb-text-field\" data-required=\"no\" \/><\/div>\n\n<div class=\"kb-adv-form-field kb-adv-form-text-type-input kb-adv-form-infield-type-input kb-field548c085bb-8a wp-block-kadence-advanced-form-email\"><label class=\"kb-adv-form-label\" for=\"field548c085bb-8a\">Email<\/label><input name=\"fieldc085bb-8a\" id=\"field548c085bb-8a\" data-label=\"Email\" type=\"email\" placeholder=\"\" value=\"\" data-type=\"email\" class=\"kb-field kb-email-field\" data-required=\"no\" \/><\/div><\/div><\/div>\n\n\n<style>.kadence-column548_ec3103-a0 > .kt-inside-inner-col,.kadence-column548_ec3103-a0 > .kt-inside-inner-col:before{border-top-left-radius:0px;border-top-right-radius:0px;border-bottom-right-radius:0px;border-bottom-left-radius:0px;}.kadence-column548_ec3103-a0 > .kt-inside-inner-col{column-gap:var(--global-kb-gap-sm, 1rem);}.kadence-column548_ec3103-a0 > .kt-inside-inner-col{flex-direction:column;}.kadence-column548_ec3103-a0 > .kt-inside-inner-col > .aligncenter{width:100%;}.kadence-column548_ec3103-a0 > .kt-inside-inner-col:before{opacity:0.3;}.kadence-column548_ec3103-a0{position:relative;}@media all and (max-width: 1024px){.kadence-column548_ec3103-a0 > .kt-inside-inner-col{flex-direction:column;justify-content:center;}}@media all and (max-width: 767px){.kadence-column548_ec3103-a0 > .kt-inside-inner-col{flex-direction:column;justify-content:center;}}<\/style>\n<div class=\"wp-block-kadence-column kadence-column548_ec3103-a0\"><div class=\"kt-inside-inner-col\">\n\n<div class=\"kb-adv-form-field kb-adv-form-text-type-input kb-adv-form-infield-type-input kb-field548613388-f3 wp-block-kadence-advanced-form-telephone\"><label class=\"kb-adv-form-label\" for=\"field548613388-f3\">T\u00e9l\u00e9phone<\/label><input name=\"field613388-f3\" id=\"field548613388-f3\" data-label=\"T\u00e9l\u00e9phone\" type=\"tel\" placeholder=\"\" value=\"\" data-type=\"tel\" class=\"kb-field kb-tel-field\" data-required=\"no\" \/><\/div><\/div><\/div>\n\n<\/div><\/div>\n\n<div class=\"kb-adv-form-field kb-adv-form-text-type-input kb-adv-form-infield-type-input kb-field548ffbb07-4d wp-block-kadence-advanced-form-textarea\"><label class=\"kb-adv-form-label\" for=\"field548ffbb07-4d\">Adresse<\/label><textarea name=\"fieldffbb07-4d\" id=\"field548ffbb07-4d\" rows=\"3\"  data-label=\"Adresse\" placeholder=\"\" data-type=\"textarea\" class=\"kb-field kb-textarea-field\" data-required=\"no\" ><\/textarea><\/div>\n\n<div class=\"kb-adv-form-field kb-adv-form-text-type-input kb-adv-form-infield-type-input kb-field548e73cf8-47 wp-block-kadence-advanced-form-textarea\"><label class=\"kb-adv-form-label\" for=\"field548e73cf8-47\">Message<span class=\"kb-adv-form-required\">*<\/span><\/label><textarea name=\"fielde73cf8-47\" id=\"field548e73cf8-47\" rows=\"3\"  data-label=\"Message\" placeholder=\"\" data-type=\"textarea\" class=\"kb-field kb-textarea-field\" data-required=\"yes\" required aria-required=\"true\"><\/textarea><\/div>\n\n<style>ul.menu .kb-submit-field .kb-btn047871-bc.kb-button{width:initial;}.kb-submit-field .kb-btn047871-bc.kb-button{color:var(--base-2);background:var(--contrast-3);}.kb-submit-field.kb-field047871-bc{justify-content:flex-start;}<\/style><div class=\"kb-adv-form-field kb-submit-field kb-field047871-bc wp-block-kadence-advanced-form-submit\"><button class=\"kb-button kt-button button kb-adv-form-submit-button kb-btn047871-bc kt-btn-size-standard kt-btn-width-type-auto kb-btn-global-fill kt-btn-has-text-true kt-btn-has-svg-false\" type=\"submit\"><span class=\"kt-btn-inner-text\">envoyer<\/span><\/button><\/div>\n<input type=\"hidden\" name=\"_kb_adv_form_post_id\" value=\"548\"><input type=\"hidden\" name=\"action\" value=\"kb_process_advanced_form_submit\"><input type=\"hidden\" name=\"_kb_adv_form_id\" value=\"548-cpt-id\"><\/form><\/div><\/div>\n<\/div>\n<\/div>\n\n\n\n<p class=\"wp-block-paragraph\"><\/p>\n\n\n\n<p class=\"wp-block-paragraph\"><\/p>\n","protected":false},"excerpt":{"rendered":"<p>PR\u00c9SENTATION DU PROJET \/ CONTACT CAMINO, chemin en langue celtique Mon second projet a consist\u00e9 \u00e0 retrouver ces pays, les lieux des romans de Simenon, ces lieux que j&#8217;appelle les lieux de la fiction et \u00e0 partir de cette mati\u00e8re de r\u00e9diger un deuxi\u00e8me livre d&#8217;art. Les grandes destinations ont \u00e9t\u00e9 la France (les ports &#8230; <a title=\"LE PROJET*\" class=\"read-more\" href=\"https:\/\/valonio.com\/?page_id=89\" aria-label=\"Read more about LE PROJET*\">Read more<\/a><\/p>\n","protected":false},"author":1,"featured_media":0,"parent":0,"menu_order":0,"comment_status":"closed","ping_status":"closed","template":"","meta":{"_eb_attr":"","_crdt_document":"","_kb_optimizer_status":2,"_themeisle_gutenberg_block_has_review":false,"footnotes":""},"class_list":["post-89","page","type-page","status-publish"],"mb":[],"mfb_rest_fields":["title"],"_links":{"self":[{"href":"https:\/\/valonio.com\/index.php?rest_route=\/wp\/v2\/pages\/89","targetHints":{"allow":["GET"]}}],"collection":[{"href":"https:\/\/valonio.com\/index.php?rest_route=\/wp\/v2\/pages"}],"about":[{"href":"https:\/\/valonio.com\/index.php?rest_route=\/wp\/v2\/types\/page"}],"author":[{"embeddable":true,"href":"https:\/\/valonio.com\/index.php?rest_route=\/wp\/v2\/users\/1"}],"replies":[{"embeddable":true,"href":"https:\/\/valonio.com\/index.php?rest_route=%2Fwp%2Fv2%2Fcomments&post=89"}],"version-history":[{"count":48,"href":"https:\/\/valonio.com\/index.php?rest_route=\/wp\/v2\/pages\/89\/revisions"}],"predecessor-version":[{"id":1130,"href":"https:\/\/valonio.com\/index.php?rest_route=\/wp\/v2\/pages\/89\/revisions\/1130"}],"wp:attachment":[{"href":"https:\/\/valonio.com\/index.php?rest_route=%2Fwp%2Fv2%2Fmedia&parent=89"}],"curies":[{"name":"wp","href":"https:\/\/api.w.org\/{rel}","templated":true}]}}