{"id":2,"date":"2026-03-01T18:27:02","date_gmt":"2026-03-01T17:27:02","guid":{"rendered":"https:\/\/valonio.com\/?page_id=2"},"modified":"2026-03-09T15:15:46","modified_gmt":"2026-03-09T14:15:46","slug":"page-d-exemple","status":"publish","type":"page","link":"https:\/\/valonio.com\/","title":{"rendered":"CAMINO*"},"content":{"rendered":"\n<div>\n<p class=\"animated fadeInDown delay-500ms has-base-color has-text-color has-background has-link-color wp-elements-0aa9a62ae637016e3c8f1f293672b5b6 wp-block-paragraph\" style=\"background-color:#6486a3;font-size:20px\"> INVITATION POUR UN VOYAGE INT\u00c9RIEUR LES CHEMINS DE LA FICTION<\/p>\n\n\n\n<p class=\"animated backInDown delay-500ms has-base-color has-text-color has-background has-link-color wp-elements-688eb7b618da0052c42c25c61253b662 wp-block-paragraph\" style=\"background-color:#6486a3;font-size:20px\">PR\u00c9SENTATION DU LIVRE EN COMPL\u00c9MENT DE<em> SIMENON \u00c9CRIVAIN PHOTOGRAPHE<\/em> :<em> CAMINO, SUR LES CHEMINS DE LA FICTION<\/em><\/p>\n<\/div>\n\n\n\n<figure class=\"wp-block-image animated slideInUp delay-500ms\"><img decoding=\"async\" src=\"https:\/\/valonio.com\/wp-content\/uploads\/2026\/03\/Les-grues-a-Roche-a-Fresnesbet-texte-.jpg\" alt=\"\" title=\"Les-grues-a-Roche-a-Fresnesbet-texte-\"\/><\/figure>\n","protected":false},"excerpt":{"rendered":"<p>INVITATION POUR UN VOYAGE INT\u00c9RIEUR LES CHEMINS DE LA FICTION PR\u00c9SENTATION DU LIVRE EN COMPL\u00c9MENT DE SIMENON \u00c9CRIVAIN PHOTOGRAPHE : CAMINO, SUR LES CHEMINS DE LA FICTION<\/p>\n","protected":false},"author":1,"featured_media":0,"parent":0,"menu_order":0,"comment_status":"closed","ping_status":"open","template":"","meta":{"_eb_attr":"","_crdt_document":"","_kb_optimizer_status":1,"_themeisle_gutenberg_block_has_review":false,"footnotes":""},"class_list":["post-2","page","type-page","status-publish"],"mb":[],"mfb_rest_fields":["title"],"_links":{"self":[{"href":"https:\/\/valonio.com\/index.php?rest_route=\/wp\/v2\/pages\/2","targetHints":{"allow":["GET"]}}],"collection":[{"href":"https:\/\/valonio.com\/index.php?rest_route=\/wp\/v2\/pages"}],"about":[{"href":"https:\/\/valonio.com\/index.php?rest_route=\/wp\/v2\/types\/page"}],"author":[{"embeddable":true,"href":"https:\/\/valonio.com\/index.php?rest_route=\/wp\/v2\/users\/1"}],"replies":[{"embeddable":true,"href":"https:\/\/valonio.com\/index.php?rest_route=%2Fwp%2Fv2%2Fcomments&post=2"}],"version-history":[{"count":50,"href":"https:\/\/valonio.com\/index.php?rest_route=\/wp\/v2\/pages\/2\/revisions"}],"predecessor-version":[{"id":1435,"href":"https:\/\/valonio.com\/index.php?rest_route=\/wp\/v2\/pages\/2\/revisions\/1435"}],"wp:attachment":[{"href":"https:\/\/valonio.com\/index.php?rest_route=%2Fwp%2Fv2%2Fmedia&parent=2"}],"curies":[{"name":"wp","href":"https:\/\/api.w.org\/{rel}","templated":true}]}}