{"id":1436,"date":"2026-03-11T21:40:56","date_gmt":"2026-03-11T20:40:56","guid":{"rendered":"https:\/\/valonio.com\/?page_id=1436"},"modified":"2026-04-02T21:28:52","modified_gmt":"2026-04-02T19:28:52","slug":"canto-je-chante","status":"publish","type":"page","link":"https:\/\/valonio.com\/?page_id=1436","title":{"rendered":"CANTO \/ JE CHANTE *"},"content":{"rendered":"\n<div><\/div>\n\n\n<style>.wp-block-kadence-advancedheading.kt-adv-heading1436_7f717f-74, .wp-block-kadence-advancedheading.kt-adv-heading1436_7f717f-74[data-kb-block=\"kb-adv-heading1436_7f717f-74\"]{font-size:20px;font-style:normal;}.wp-block-kadence-advancedheading.kt-adv-heading1436_7f717f-74 mark.kt-highlight, .wp-block-kadence-advancedheading.kt-adv-heading1436_7f717f-74[data-kb-block=\"kb-adv-heading1436_7f717f-74\"] mark.kt-highlight{font-style:normal;color:#f76a0c;-webkit-box-decoration-break:clone;box-decoration-break:clone;padding-top:0px;padding-right:0px;padding-bottom:0px;padding-left:0px;}.wp-block-kadence-advancedheading.kt-adv-heading1436_7f717f-74 img.kb-inline-image, .wp-block-kadence-advancedheading.kt-adv-heading1436_7f717f-74[data-kb-block=\"kb-adv-heading1436_7f717f-74\"] img.kb-inline-image{width:150px;vertical-align:baseline;}<\/style>\n<p class=\"kt-adv-heading1436_7f717f-74 wp-block-kadence-advancedheading\" data-kb-block=\"kb-adv-heading1436_7f717f-74\">CANTO \/ JE CHANTE<\/p>\n\n\n\n<div class=\"wp-block-columns is-layout-flex wp-container-core-columns-is-layout-8f761849 wp-block-columns-is-layout-flex\">\n<div class=\"wp-block-column animated fadeInLeft slow is-layout-flow wp-block-column-is-layout-flow\">\n<figure class=\"wp-block-video\"><video height=\"720\" style=\"aspect-ratio: 1280 \/ 720;\" width=\"1280\" controls src=\"https:\/\/valonio.com\/wp-content\/uploads\/2026\/03\/LA-MAISONS-AUX-SIX-SAISONS-1-2-TEXTE-8-09-30.mp4\" playsinline><\/video><\/figure>\n<\/div>\n\n\n\n<div class=\"wp-block-column is-layout-flow wp-block-column-is-layout-flow\">\n<p class=\"wp-block-paragraph\"><\/p>\n\n\n\n<p class=\"wp-block-paragraph\">Pendant mes voyages et mes s\u00e9jours dans diff\u00e9rentes r\u00e9gions j&#8217;ai recueilli beaucoup d&#8217;impressions et d&#8217;images qui me sont rest\u00e9es dans mon esprit, dans mon c\u0153ur. Voici un petit po\u00e8me qui exprime ces sensations.<\/p>\n\n\n<style>.wp-block-kadence-advancedheading.kt-adv-heading1436_acd8fd-5d, .wp-block-kadence-advancedheading.kt-adv-heading1436_acd8fd-5d[data-kb-block=\"kb-adv-heading1436_acd8fd-5d\"]{font-size:30px;font-style:normal;}.wp-block-kadence-advancedheading.kt-adv-heading1436_acd8fd-5d mark.kt-highlight, .wp-block-kadence-advancedheading.kt-adv-heading1436_acd8fd-5d[data-kb-block=\"kb-adv-heading1436_acd8fd-5d\"] mark.kt-highlight{font-style:normal;color:#f76a0c;-webkit-box-decoration-break:clone;box-decoration-break:clone;padding-top:0px;padding-right:0px;padding-bottom:0px;padding-left:0px;}.wp-block-kadence-advancedheading.kt-adv-heading1436_acd8fd-5d img.kb-inline-image, .wp-block-kadence-advancedheading.kt-adv-heading1436_acd8fd-5d[data-kb-block=\"kb-adv-heading1436_acd8fd-5d\"] img.kb-inline-image{width:150px;vertical-align:baseline;}<\/style>\n<p class=\"kt-adv-heading1436_acd8fd-5d animated zoomIn wp-block-kadence-advancedheading\" data-kb-block=\"kb-adv-heading1436_acd8fd-5d\"><br><br>LA MAISON AUX SIX SAISONS<\/p>\n<\/div>\n<\/div>\n\n\n\n<div class=\"wp-block-columns is-layout-flex wp-container-core-columns-is-layout-8f761849 wp-block-columns-is-layout-flex\">\n<div class=\"wp-block-column is-vertically-aligned-center is-layout-flow wp-block-column-is-layout-flow\" style=\"flex-basis:100%\">\n<div class=\"wp-block-columns alignwide has-contrast-2-background-color has-background is-layout-flex wp-container-core-columns-is-layout-8f761849 wp-block-columns-is-layout-flex\">\n<div class=\"wp-block-column has-contrast-2-background-color has-background is-layout-flow wp-block-column-is-layout-flow\" style=\"font-size:14px;flex-basis:200px\"><style>.wp-block-kadence-advancedheading.kt-adv-heading1436_98be6d-3e_0, .wp-block-kadence-advancedheading.kt-adv-heading1436_98be6d-3e_0[data-kb-block=\"kb-adv-heading1436_98be6d-3e_0\"]{font-style:normal;}.wp-block-kadence-advancedheading.kt-adv-heading1436_98be6d-3e_0 mark.kt-highlight, .wp-block-kadence-advancedheading.kt-adv-heading1436_98be6d-3e_0[data-kb-block=\"kb-adv-heading1436_98be6d-3e_0\"] mark.kt-highlight{font-style:normal;color:#f76a0c;-webkit-box-decoration-break:clone;box-decoration-break:clone;padding-top:0px;padding-right:0px;padding-bottom:0px;padding-left:0px;}.wp-block-kadence-advancedheading.kt-adv-heading1436_98be6d-3e_0 img.kb-inline-image, .wp-block-kadence-advancedheading.kt-adv-heading1436_98be6d-3e_0[data-kb-block=\"kb-adv-heading1436_98be6d-3e_0\"] img.kb-inline-image{width:150px;vertical-align:baseline;}<\/style>\n<p class=\"kt-adv-heading1436_98be6d-3e_0 wp-block-kadence-advancedheading\" data-kb-block=\"kb-adv-heading1436_98be6d-3e_0\">La maison de mes vies<br>\u00e9tait sur le chemin<br>tout au bout du village<br>l\u00e0 bas dans un lointain<br>matin<br>dans ses airs de printemps<br>un buisson d\u2019\u00e9glantines<br>de roses et ses \u00e9pines<br>la vie<br>qui embrasse le temps<br>papillon de l\u2019instant<br>papillon d\u2019un moment<br>la vie<br>papillon de l\u2019instant<\/p>\n<\/div>\n\n\n\n<div class=\"wp-block-column has-contrast-2-background-color has-background is-layout-flow wp-block-column-is-layout-flow\" style=\"font-size:14px;flex-basis:200px\"><style>.wp-block-kadence-advancedheading.kt-adv-heading1436_8493a6-88_0, .wp-block-kadence-advancedheading.kt-adv-heading1436_8493a6-88_0[data-kb-block=\"kb-adv-heading1436_8493a6-88_0\"]{font-style:normal;}.wp-block-kadence-advancedheading.kt-adv-heading1436_8493a6-88_0 mark.kt-highlight, .wp-block-kadence-advancedheading.kt-adv-heading1436_8493a6-88_0[data-kb-block=\"kb-adv-heading1436_8493a6-88_0\"] mark.kt-highlight{font-style:normal;color:#f76a0c;-webkit-box-decoration-break:clone;box-decoration-break:clone;padding-top:0px;padding-right:0px;padding-bottom:0px;padding-left:0px;}.wp-block-kadence-advancedheading.kt-adv-heading1436_8493a6-88_0 img.kb-inline-image, .wp-block-kadence-advancedheading.kt-adv-heading1436_8493a6-88_0[data-kb-block=\"kb-adv-heading1436_8493a6-88_0\"] img.kb-inline-image{width:150px;vertical-align:baseline;}<\/style>\n<p class=\"kt-adv-heading1436_8493a6-88_0 wp-block-kadence-advancedheading\" data-kb-block=\"kb-adv-heading1436_8493a6-88_0\">je n\u2019oublierai jamais<br>et toi, ma douce amie<br>ces beaux apr\u00e8s-midi<br>d\u2019\u00e9t\u00e9 de nos dimanches<br>la chance<br>qui recouvrait d\u2019azur<br>la musique des jours<br>des heures du bonheur<br>la chance<br>qui passe dans le ciel<br>comme un vol d\u2019 hirondelles<br>de la bonne saison<br>la chance<br>un vol d\u2019 hirondelles<\/p>\n<\/div>\n\n\n\n<div class=\"wp-block-column has-contrast-2-background-color has-background is-layout-flow wp-block-column-is-layout-flow\" style=\"font-size:14px;flex-basis:200px\"><style>.wp-block-kadence-advancedheading.kt-adv-heading1436_2ab2a1-67_0, .wp-block-kadence-advancedheading.kt-adv-heading1436_2ab2a1-67_0[data-kb-block=\"kb-adv-heading1436_2ab2a1-67_0\"]{font-style:normal;}.wp-block-kadence-advancedheading.kt-adv-heading1436_2ab2a1-67_0 mark.kt-highlight, .wp-block-kadence-advancedheading.kt-adv-heading1436_2ab2a1-67_0[data-kb-block=\"kb-adv-heading1436_2ab2a1-67_0\"] mark.kt-highlight{font-style:normal;color:#f76a0c;-webkit-box-decoration-break:clone;box-decoration-break:clone;padding-top:0px;padding-right:0px;padding-bottom:0px;padding-left:0px;}.wp-block-kadence-advancedheading.kt-adv-heading1436_2ab2a1-67_0 img.kb-inline-image, .wp-block-kadence-advancedheading.kt-adv-heading1436_2ab2a1-67_0[data-kb-block=\"kb-adv-heading1436_2ab2a1-67_0\"] img.kb-inline-image{width:150px;vertical-align:baseline;}<\/style>\n<p class=\"kt-adv-heading1436_2ab2a1-67_0 wp-block-kadence-advancedheading\" data-kb-block=\"kb-adv-heading1436_2ab2a1-67_0\">sur son toit gris d\u2019ardoise<br>se glissent les vents fous<br>un ciel lourd de nuages<br>et puis bleu tout \u00e0 coup<br>l\u2019automne<br>c\u2019est le vent de l\u2019automne<br>qui d\u00e9trousse nos fleurs<br>sans c\u0153ur sans pudeur<br>le vent<br>sur la peine des soirs<br>m\u00e9lodie troublante d\u00e9sespoir<br>le poids des souvenirs<br>les soirs<br>le poids des souvenirs<\/p>\n<\/div>\n\n\n\n<div class=\"wp-block-column has-contrast-2-background-color has-background is-layout-flow wp-block-column-is-layout-flow\" style=\"font-size:14px;flex-basis:200px\"><style>.wp-block-kadence-advancedheading.kt-adv-heading1436_7aff5f-d8_0, .wp-block-kadence-advancedheading.kt-adv-heading1436_7aff5f-d8_0[data-kb-block=\"kb-adv-heading1436_7aff5f-d8_0\"]{font-style:normal;}.wp-block-kadence-advancedheading.kt-adv-heading1436_7aff5f-d8_0 mark.kt-highlight, .wp-block-kadence-advancedheading.kt-adv-heading1436_7aff5f-d8_0[data-kb-block=\"kb-adv-heading1436_7aff5f-d8_0\"] mark.kt-highlight{font-style:normal;color:#f76a0c;-webkit-box-decoration-break:clone;box-decoration-break:clone;padding-top:0px;padding-right:0px;padding-bottom:0px;padding-left:0px;}.wp-block-kadence-advancedheading.kt-adv-heading1436_7aff5f-d8_0 img.kb-inline-image, .wp-block-kadence-advancedheading.kt-adv-heading1436_7aff5f-d8_0[data-kb-block=\"kb-adv-heading1436_7aff5f-d8_0\"] img.kb-inline-image{width:150px;vertical-align:baseline;}<\/style>\n<p class=\"kt-adv-heading1436_7aff5f-d8_0 wp-block-kadence-advancedheading\" data-kb-block=\"kb-adv-heading1436_7aff5f-d8_0\">ce ne fut pas l\u2019hiver<br>comme on en a connu<br>c\u2019est vraiment la mis\u00e8re<br>les saison y\u2019en a plus <br>et puis<br>ce dr\u00f4le de personnage<br>avec sa barbe blanche<br>qui lui pend sur le ventre<br>bon dieu<br>c\u2019est le petit papa<br>No\u00ebl et connect\u00e9<br>direct avec le ciel<br>le ciel<br>un wifi \u00e9terne<\/p>\n\n\n<style>.wp-block-kadence-advancedheading.kt-adv-heading1436_ecae37-51, .wp-block-kadence-advancedheading.kt-adv-heading1436_ecae37-51[data-kb-block=\"kb-adv-heading1436_ecae37-51\"]{font-style:normal;}.wp-block-kadence-advancedheading.kt-adv-heading1436_ecae37-51 mark.kt-highlight, .wp-block-kadence-advancedheading.kt-adv-heading1436_ecae37-51[data-kb-block=\"kb-adv-heading1436_ecae37-51\"] mark.kt-highlight{font-style:normal;color:#f76a0c;-webkit-box-decoration-break:clone;box-decoration-break:clone;padding-top:0px;padding-right:0px;padding-bottom:0px;padding-left:0px;}.wp-block-kadence-advancedheading.kt-adv-heading1436_ecae37-51 img.kb-inline-image, .wp-block-kadence-advancedheading.kt-adv-heading1436_ecae37-51[data-kb-block=\"kb-adv-heading1436_ecae37-51\"] img.kb-inline-image{width:150px;vertical-align:baseline;}<\/style>\n<p class=\"kt-adv-heading1436_ecae37-51 wp-block-kadence-advancedheading\" data-kb-block=\"kb-adv-heading1436_ecae37-51\"><\/p>\n\n\n<style>.wp-block-kadence-advancedheading.kt-adv-heading1436_223f9b-18, .wp-block-kadence-advancedheading.kt-adv-heading1436_223f9b-18[data-kb-block=\"kb-adv-heading1436_223f9b-18\"]{font-style:normal;}.wp-block-kadence-advancedheading.kt-adv-heading1436_223f9b-18 mark.kt-highlight, .wp-block-kadence-advancedheading.kt-adv-heading1436_223f9b-18[data-kb-block=\"kb-adv-heading1436_223f9b-18\"] mark.kt-highlight{font-style:normal;color:#f76a0c;-webkit-box-decoration-break:clone;box-decoration-break:clone;padding-top:0px;padding-right:0px;padding-bottom:0px;padding-left:0px;}.wp-block-kadence-advancedheading.kt-adv-heading1436_223f9b-18 img.kb-inline-image, .wp-block-kadence-advancedheading.kt-adv-heading1436_223f9b-18[data-kb-block=\"kb-adv-heading1436_223f9b-18\"] img.kb-inline-image{width:150px;vertical-align:baseline;}<\/style>\n<p class=\"kt-adv-heading1436_223f9b-18 wp-block-kadence-advancedheading\" data-kb-block=\"kb-adv-heading1436_223f9b-18\"><\/p>\n<\/div>\n\n\n\n<div class=\"wp-block-column has-contrast-2-background-color has-background is-layout-flow wp-block-column-is-layout-flow\" style=\"font-size:14px;flex-basis:210px\">\n<div>\n<div><style>.wp-block-kadence-advancedheading.kt-adv-heading1436_1fc513-6e, .wp-block-kadence-advancedheading.kt-adv-heading1436_1fc513-6e[data-kb-block=\"kb-adv-heading1436_1fc513-6e\"]{text-align:left;font-style:normal;}.wp-block-kadence-advancedheading.kt-adv-heading1436_1fc513-6e mark.kt-highlight, .wp-block-kadence-advancedheading.kt-adv-heading1436_1fc513-6e[data-kb-block=\"kb-adv-heading1436_1fc513-6e\"] mark.kt-highlight{font-style:normal;color:#f76a0c;-webkit-box-decoration-break:clone;box-decoration-break:clone;padding-top:0px;padding-right:0px;padding-bottom:0px;padding-left:0px;}.wp-block-kadence-advancedheading.kt-adv-heading1436_1fc513-6e img.kb-inline-image, .wp-block-kadence-advancedheading.kt-adv-heading1436_1fc513-6e[data-kb-block=\"kb-adv-heading1436_1fc513-6e\"] img.kb-inline-image{width:150px;vertical-align:baseline;}<\/style>\n<p class=\"kt-adv-heading1436_1fc513-6e wp-block-kadence-advancedheading\" data-kb-block=\"kb-adv-heading1436_1fc513-6e\">alors que nous importe<br>le printemps reviendra<br>fid\u00e8le comme un chat<br>qui attend \u00e0 nos portes<br>amis<br>le fond de l\u2019air est froid<br>prenez le temps des choses<br>les saisons c\u2019est comme \u00e7a<br>chacune<br>chacune son tour viendra<br>comme les promesses<br>des amants en d\u00e9tresse<br>d\u00e9tresse<br>de ces amours d\u00e9chus<\/p>\n<\/div>\n<\/div>\n<\/div>\n\n\n\n<div class=\"wp-block-column has-contrast-2-background-color has-background is-layout-flow wp-block-column-is-layout-flow\" style=\"font-size:14px;flex-basis:200px\"><style>.wp-block-kadence-advancedheading.kt-adv-heading1436_91945b-55, .wp-block-kadence-advancedheading.kt-adv-heading1436_91945b-55[data-kb-block=\"kb-adv-heading1436_91945b-55\"]{text-align:left;font-style:normal;border-top:0px solid transparent;border-right:0px solid transparent;border-bottom:0px solid transparent;border-left:0px solid transparent;}.wp-block-kadence-advancedheading.kt-adv-heading1436_91945b-55 mark.kt-highlight, .wp-block-kadence-advancedheading.kt-adv-heading1436_91945b-55[data-kb-block=\"kb-adv-heading1436_91945b-55\"] mark.kt-highlight{font-style:normal;color:#f76a0c;-webkit-box-decoration-break:clone;box-decoration-break:clone;padding-top:0px;padding-right:0px;padding-bottom:0px;padding-left:0px;}.wp-block-kadence-advancedheading.kt-adv-heading1436_91945b-55 img.kb-inline-image, .wp-block-kadence-advancedheading.kt-adv-heading1436_91945b-55[data-kb-block=\"kb-adv-heading1436_91945b-55\"] img.kb-inline-image{width:123px;vertical-align:baseline;}@media all and (max-width: 1024px){.wp-block-kadence-advancedheading.kt-adv-heading1436_91945b-55, .wp-block-kadence-advancedheading.kt-adv-heading1436_91945b-55[data-kb-block=\"kb-adv-heading1436_91945b-55\"]{border-top:0px solid transparent;border-right:0px solid transparent;border-bottom:0px solid transparent;border-left:0px solid transparent;}}@media all and (max-width: 767px){.wp-block-kadence-advancedheading.kt-adv-heading1436_91945b-55, .wp-block-kadence-advancedheading.kt-adv-heading1436_91945b-55[data-kb-block=\"kb-adv-heading1436_91945b-55\"]{border-top:0px solid transparent;border-right:0px solid transparent;border-bottom:0px solid transparent;border-left:0px solid transparent;}}<\/style>\n<p class=\"kt-adv-heading1436_91945b-55 wp-block-kadence-advancedheading\" data-kb-block=\"kb-adv-heading1436_91945b-55\">notre maison morose<br>quand nos songes nous rongent<br>nos songes nos<br>mensonges<br>nos mis\u00e8res de m\u00f4mes<br>parole<br>elle ouvre ses fen\u00eatres<br>au parfum du soleil<br>quand elle te voit rena\u00eetre<br>chez elle<br>et te voit revenir<br>dans ses murs de tendresse<br>pour nos c\u0153urs r\u00e9unis<br>le c\u0153ur<br>la maison de la vie<\/p>\n<\/div>\n<\/div>\n<\/div>\n<\/div>\n\n\n<style>.wp-block-kadence-advancedheading.kt-adv-heading1436_245ed5-b3, .wp-block-kadence-advancedheading.kt-adv-heading1436_245ed5-b3[data-kb-block=\"kb-adv-heading1436_245ed5-b3\"]{font-style:normal;}.wp-block-kadence-advancedheading.kt-adv-heading1436_245ed5-b3 mark.kt-highlight, .wp-block-kadence-advancedheading.kt-adv-heading1436_245ed5-b3[data-kb-block=\"kb-adv-heading1436_245ed5-b3\"] mark.kt-highlight{font-style:normal;color:#f76a0c;-webkit-box-decoration-break:clone;box-decoration-break:clone;padding-top:0px;padding-right:0px;padding-bottom:0px;padding-left:0px;}.wp-block-kadence-advancedheading.kt-adv-heading1436_245ed5-b3 img.kb-inline-image, .wp-block-kadence-advancedheading.kt-adv-heading1436_245ed5-b3[data-kb-block=\"kb-adv-heading1436_245ed5-b3\"] img.kb-inline-image{width:150px;vertical-align:baseline;}<\/style>\n<p class=\"kt-adv-heading1436_245ed5-b3 wp-block-kadence-advancedheading\" data-kb-block=\"kb-adv-heading1436_245ed5-b3\"><\/p>\n\n\n<style>.wp-block-kadence-advancedheading.kt-adv-heading1436_11f6c1-df, .wp-block-kadence-advancedheading.kt-adv-heading1436_11f6c1-df[data-kb-block=\"kb-adv-heading1436_11f6c1-df\"]{font-style:normal;}.wp-block-kadence-advancedheading.kt-adv-heading1436_11f6c1-df mark.kt-highlight, .wp-block-kadence-advancedheading.kt-adv-heading1436_11f6c1-df[data-kb-block=\"kb-adv-heading1436_11f6c1-df\"] mark.kt-highlight{font-style:normal;color:#f76a0c;-webkit-box-decoration-break:clone;box-decoration-break:clone;padding-top:0px;padding-right:0px;padding-bottom:0px;padding-left:0px;}.wp-block-kadence-advancedheading.kt-adv-heading1436_11f6c1-df img.kb-inline-image, .wp-block-kadence-advancedheading.kt-adv-heading1436_11f6c1-df[data-kb-block=\"kb-adv-heading1436_11f6c1-df\"] img.kb-inline-image{width:150px;vertical-align:baseline;}<\/style>\n<p class=\"kt-adv-heading1436_11f6c1-df wp-block-kadence-advancedheading\" data-kb-block=\"kb-adv-heading1436_11f6c1-df\"><\/p>\n\n\n\n<div>\n<div>\n<div class=\"wp-block-columns is-layout-flex wp-container-core-columns-is-layout-8f761849 wp-block-columns-is-layout-flex\">\n<div class=\"wp-block-column is-layout-flow wp-block-column-is-layout-flow\" style=\"flex-basis:100%\">\n<div class=\"gb-element-ec7b10d0\"><\/div>\n\n\n\n<div class=\"gb-element-553f495e\"><\/div>\n\n\n\n<div><\/div>\n\n\n\n<div class=\"wp-block-columns is-layout-flex wp-container-core-columns-is-layout-8f761849 wp-block-columns-is-layout-flex\">\n<div class=\"wp-block-column is-layout-flow wp-block-column-is-layout-flow\" style=\"flex-basis:100%\">\n<div class=\"gb-element-308ab494\"><\/div>\n<\/div>\n<\/div>\n<\/div>\n<\/div>\n<\/div>\n<\/div>\n\n\n<style>.wp-block-kadence-advancedheading.kt-adv-heading1436_cc7950-51, .wp-block-kadence-advancedheading.kt-adv-heading1436_cc7950-51[data-kb-block=\"kb-adv-heading1436_cc7950-51\"]{font-style:normal;}.wp-block-kadence-advancedheading.kt-adv-heading1436_cc7950-51 mark.kt-highlight, .wp-block-kadence-advancedheading.kt-adv-heading1436_cc7950-51[data-kb-block=\"kb-adv-heading1436_cc7950-51\"] mark.kt-highlight{font-style:normal;color:#f76a0c;-webkit-box-decoration-break:clone;box-decoration-break:clone;padding-top:0px;padding-right:0px;padding-bottom:0px;padding-left:0px;}.wp-block-kadence-advancedheading.kt-adv-heading1436_cc7950-51 img.kb-inline-image, .wp-block-kadence-advancedheading.kt-adv-heading1436_cc7950-51[data-kb-block=\"kb-adv-heading1436_cc7950-51\"] img.kb-inline-image{width:150px;vertical-align:baseline;}<\/style>\n<p class=\"kt-adv-heading1436_cc7950-51 wp-block-kadence-advancedheading\" data-kb-block=\"kb-adv-heading1436_cc7950-51\"><\/p>\n","protected":false},"excerpt":{"rendered":"<p>CANTO \/ JE CHANTE Pendant mes voyages et mes s\u00e9jours dans diff\u00e9rentes r\u00e9gions j&#8217;ai recueilli beaucoup d&#8217;impressions et d&#8217;images qui me sont rest\u00e9es dans mon esprit, dans mon c\u0153ur. Voici un petit po\u00e8me qui exprime ces sensations. LA MAISON AUX SIX SAISONS La maison de mes vies\u00e9tait sur le chemintout au bout du villagel\u00e0 bas &#8230; <a title=\"CANTO \/ JE CHANTE *\" class=\"read-more\" href=\"https:\/\/valonio.com\/?page_id=1436\" aria-label=\"Read more about CANTO \/ JE CHANTE *\">Read more<\/a><\/p>\n","protected":false},"author":1,"featured_media":0,"parent":0,"menu_order":0,"comment_status":"closed","ping_status":"closed","template":"","meta":{"_eb_attr":"","_crdt_document":"","_kb_optimizer_status":0,"_themeisle_gutenberg_block_has_review":false,"footnotes":""},"class_list":["post-1436","page","type-page","status-publish"],"mb":[],"mfb_rest_fields":["title"],"_links":{"self":[{"href":"https:\/\/valonio.com\/index.php?rest_route=\/wp\/v2\/pages\/1436","targetHints":{"allow":["GET"]}}],"collection":[{"href":"https:\/\/valonio.com\/index.php?rest_route=\/wp\/v2\/pages"}],"about":[{"href":"https:\/\/valonio.com\/index.php?rest_route=\/wp\/v2\/types\/page"}],"author":[{"embeddable":true,"href":"https:\/\/valonio.com\/index.php?rest_route=\/wp\/v2\/users\/1"}],"replies":[{"embeddable":true,"href":"https:\/\/valonio.com\/index.php?rest_route=%2Fwp%2Fv2%2Fcomments&post=1436"}],"version-history":[{"count":56,"href":"https:\/\/valonio.com\/index.php?rest_route=\/wp\/v2\/pages\/1436\/revisions"}],"predecessor-version":[{"id":1681,"href":"https:\/\/valonio.com\/index.php?rest_route=\/wp\/v2\/pages\/1436\/revisions\/1681"}],"wp:attachment":[{"href":"https:\/\/valonio.com\/index.php?rest_route=%2Fwp%2Fv2%2Fmedia&parent=1436"}],"curies":[{"name":"wp","href":"https:\/\/api.w.org\/{rel}","templated":true}]}}